{"id":77024,"date":"2025-10-24T11:40:17","date_gmt":"2025-10-24T09:40:17","guid":{"rendered":"https:\/\/sartoriaagricola.it\/shop\/imagine-extra-virgin-olive-oil\/"},"modified":"2026-02-05T15:07:48","modified_gmt":"2026-02-05T14:07:48","slug":"imagine-extra-virgin-olive-oil","status":"publish","type":"product","link":"https:\/\/donnafrancesca.it\/en\/shop\/italian-extra-virgin-olive-oil\/imagine-extra-virgin-olive-oil\/","title":{"rendered":"Imagine &#8211; Extra Virgin Olive Oil"},"content":{"rendered":"Le bottiglie fanno da abito ad oli extravergini 100% made in Puglia, disponibili nelle seguenti versioni:\r\n&#8211; Olio su misura per i clienti che attraverso la nostra &#8220;<a href=\"\/olio-extra-vergine-su-misura-sartoria-agricola\">Sartoria Agricola<\/a>&#8220;, vogliono scegliere le caratteristiche gustative e sensoriali pi\u00f9 adatte ai loro gusti (ordine minimo 20 lt).\r\nOppure nelle versioni pr\u00eat-\u00e0-manger gi\u00e0 studiate per i classici abbinamenti:\r\n&#8211; <strong>Fruttato Leggero<\/strong>, per accompagnare le delicate pietanze a base di pesce e carni bianche.\r\n&#8211; <strong>Fruttato Medio<\/strong>, per esaltare insalate, carni bianche arrosto, pesce arrosto e pinzimoni.\r\n&#8211; <strong>Fruttato Intenso<\/strong>, per i vostri piatti dal sapore deciso, come zuppe di legumi e carni arrosto.\r\nConosci Sartoria Agricola?\r\n<a href=\"\/olio-extra-vergine-su-misura-sartoria-agricola\">Sartoria Agricola<\/a>\u00a0\u00e8 l\u2019innovativo sistema ideato da\u00a0<strong>Donna Francesca<\/strong>\u00a0grazie al quale puoi\u00a0<strong>personalizzare<\/strong>\u00a0<strong>l<\/strong><strong>\u2019<\/strong><strong>olio extravergine di oliva<\/strong> 100% italiano come se fosse un abito. <strong>Sartoria Agricola<\/strong>\u00a0ti offre l\u2019opportunit\u00e0 di realizzare un prodotto di\u00a0<strong>alta qualit\u00e0<\/strong>\u00a0con\u00a0<strong>olive 100% italiane<\/strong>. Il\u00a0<strong>risultato<\/strong>\u00a0<strong>unico<\/strong>\u00a0\u00e8 garantito dalle numerose caratteristiche personalizzabili: fruttato, amaro, piccante, intensit\u00e0 dei sentori di erba, pomodoro, mandorla e cicoria.\r\nCome nella moda sartoriale, le \u201cCollections\u201d sono influenzate dalle stagioni, dagli eventi e dalle storie. Le altre collection di Sartoria Agricola sono: Circus Collection, Destiny Collection, Spring Collection, Sensation Collection e Christmas Limited Edition e Classic Line.","protected":false},"excerpt":{"rendered":"Celebrate the musical revolution of &#8217;71 with our IMAGINE. This unique bottle from Sartoria Agricola&#8217;s LEGEND COLLECTION is a tribute to the vision and creativity that marked an era, reflecting a spirit of peace and harmony. Perfect for rock lovers and those who seek excellence in every drop, this bottle is not only a high-quality extra virgin olive oil but also a collector&#8217;s item.\n500 ml format  ","protected":false},"featured_media":76076,"template":"","meta":{"_acf_changed":false},"product_brand":[],"product_cat":[285],"product_tag":[],"class_list":{"0":"post-77024","1":"product","2":"type-product","3":"status-publish","4":"has-post-thumbnail","6":"product_cat-italian-extra-virgin-olive-oil","8":"first","9":"instock","10":"shipping-taxable","11":"purchasable","12":"product-type-variable"},"acf":[],"_links":{"self":[{"href":"https:\/\/donnafrancesca.it\/en\/wp-json\/wp\/v2\/product\/77024","targetHints":{"allow":["GET"]}}],"collection":[{"href":"https:\/\/donnafrancesca.it\/en\/wp-json\/wp\/v2\/product"}],"about":[{"href":"https:\/\/donnafrancesca.it\/en\/wp-json\/wp\/v2\/types\/product"}],"wp:featuredmedia":[{"embeddable":true,"href":"https:\/\/donnafrancesca.it\/en\/wp-json\/wp\/v2\/media\/76076"}],"wp:attachment":[{"href":"https:\/\/donnafrancesca.it\/en\/wp-json\/wp\/v2\/media?parent=77024"}],"wp:term":[{"taxonomy":"product_brand","embeddable":true,"href":"https:\/\/donnafrancesca.it\/en\/wp-json\/wp\/v2\/product_brand?post=77024"},{"taxonomy":"product_cat","embeddable":true,"href":"https:\/\/donnafrancesca.it\/en\/wp-json\/wp\/v2\/product_cat?post=77024"},{"taxonomy":"product_tag","embeddable":true,"href":"https:\/\/donnafrancesca.it\/en\/wp-json\/wp\/v2\/product_tag?post=77024"}],"curies":[{"name":"wp","href":"https:\/\/api.w.org\/{rel}","templated":true}]}}