{"id":77848,"date":"2025-10-24T11:39:17","date_gmt":"2025-10-24T09:39:17","guid":{"rendered":"https:\/\/sartoriaagricola.it\/shop\/courage-olio-extravergine-di-oliva\/"},"modified":"2026-02-05T16:01:44","modified_gmt":"2026-02-05T15:01:44","slug":"courage-olio-extravergine-di-oliva","status":"publish","type":"product","link":"https:\/\/donnafrancesca.it\/en\/shop\/italian-extra-virgin-olive-oil\/courage-olio-extravergine-di-oliva\/","title":{"rendered":"Courage &#8211; Olio Extravergine di Oliva"},"content":{"rendered":"La <strong>CIRCUS Collection<\/strong> si ispira alle arti circensi per rappresentare i valori del \u201cfare bene\u201d: \u201c<strong>Il Coraggio<\/strong>\u201d di osare, \u201c<strong>La Potenza<\/strong>\u201d delle proprie passioni e \u201c<strong>L\u2019Equilibrio<\/strong>\u201d delle scelte da compiere.\r\n\r\nLe bottiglie fanno da abito ad oli extravergini 100% made in Puglia, disponibili nelle seguenti versioni:\r\n&#8211; Olio su misura per i clienti che attraverso la nostra &#8220;Sartoria Agricola&#8221;, vogliono scegliere le caratteristiche gustative e sensoriali pi\u00f9 adatte ai loro gusti (ordine minimo 20 lt).\r\n\r\nOppure nelle versioni pr\u00eat-\u00e0-manger gi\u00e0 studiate per i classici abbinamenti:\r\n&#8211; <strong>Fruttato Leggero<\/strong>, per accompagnare le delicate pietanze a base di pesce e carni bianche.\r\n&#8211; <strong>Fruttato Medio<\/strong>, per esaltare insalate, carni bianche arrosto, pesce arrosto e pinzimoni.\r\n&#8211; <strong>Fruttato Intenso<\/strong>, per i vostri piatti dal sapore deciso, come zuppe di legumi e carni arrosto.\r\n\r\nConosci Sartoria Agricola?\r\n\r\nSartoria Agricola \u00e8 l\u2019innovativo sistema ideato da <strong>Donna Francesca<\/strong> grazie al quale puoi <strong>personalizzare<\/strong> <strong>l<\/strong><strong>\u2019<\/strong><strong>olio extravergine di oliva<\/strong> 100% italiano come se fosse un abito. <strong>Sartoria Agricola<\/strong> ti offre l\u2019opportunit\u00e0 di realizzare un prodotto di <strong>alta qualit\u00e0<\/strong> con <strong>olive 100% italiane<\/strong>. Il <strong>risultato<\/strong> <strong>unico<\/strong> \u00e8 garantito dalle numerose caratteristiche personalizzabili: fruttato, amaro, piccante, intensit\u00e0 dei sentori di erba, pomodoro, mandorla e cicoria.\r\n\r\nCome nella moda sartoriale, le \u201cCollections\u201d sono influenzate dalle stagioni, dagli eventi e dalle storie. Le altre collection di Sartoria Agricola sono: Destiny Collection, Spring Collection, Sensation Collection e Christmas Limited Edition e Classic Line.\r\n","protected":false},"excerpt":{"rendered":"Courage is the extra virgin olive oil bottle from the Circus collection, Sartoria Agricola&#8217;s limited edition line of glass bottles. Choose your fruity or cultivar option and immerse yourself in the flavorful meanders of your imagination.\n500 ml format","protected":false},"featured_media":456,"template":"","meta":{"_acf_changed":false},"product_brand":[],"product_cat":[285],"product_tag":[],"class_list":{"0":"post-77848","1":"product","2":"type-product","3":"status-publish","4":"has-post-thumbnail","6":"product_cat-italian-extra-virgin-olive-oil","8":"first","9":"instock","10":"shipping-taxable","11":"purchasable","12":"product-type-variable"},"acf":[],"_links":{"self":[{"href":"https:\/\/donnafrancesca.it\/en\/wp-json\/wp\/v2\/product\/77848","targetHints":{"allow":["GET"]}}],"collection":[{"href":"https:\/\/donnafrancesca.it\/en\/wp-json\/wp\/v2\/product"}],"about":[{"href":"https:\/\/donnafrancesca.it\/en\/wp-json\/wp\/v2\/types\/product"}],"wp:featuredmedia":[{"embeddable":true,"href":"https:\/\/donnafrancesca.it\/en\/wp-json\/wp\/v2\/media\/456"}],"wp:attachment":[{"href":"https:\/\/donnafrancesca.it\/en\/wp-json\/wp\/v2\/media?parent=77848"}],"wp:term":[{"taxonomy":"product_brand","embeddable":true,"href":"https:\/\/donnafrancesca.it\/en\/wp-json\/wp\/v2\/product_brand?post=77848"},{"taxonomy":"product_cat","embeddable":true,"href":"https:\/\/donnafrancesca.it\/en\/wp-json\/wp\/v2\/product_cat?post=77848"},{"taxonomy":"product_tag","embeddable":true,"href":"https:\/\/donnafrancesca.it\/en\/wp-json\/wp\/v2\/product_tag?post=77848"}],"curies":[{"name":"wp","href":"https:\/\/api.w.org\/{rel}","templated":true}]}}